{"id":537,"date":"2024-11-07T22:40:42","date_gmt":"2024-11-07T22:40:42","guid":{"rendered":"https:\/\/dutyfreeshoppuertoiguazu.com\/?page_id=537"},"modified":"2025-01-11T00:18:48","modified_gmt":"2025-01-11T00:18:48","slug":"conozcanos","status":"publish","type":"page","link":"https:\/\/dutyfreeshoppuertoiguazu.com\/pt\/conozcanos\/","title":{"rendered":"Conhe\u00e7a-nos"},"content":{"rendered":"<p>[et_pb_section fb_built=&#8221;1&#8243; _builder_version=&#8221;4.27.2&#8243; _module_preset=&#8221;default&#8221; custom_padding=&#8221;31px|||||&#8221; global_colors_info=&#8221;{}&#8221;][et_pb_row _builder_version=&#8221;4.27.2&#8243; _module_preset=&#8221;default&#8221; custom_padding=&#8221;68px|||||&#8221; global_colors_info=&#8221;{}&#8221;][et_pb_column type=&#8221;4_4&#8243; _builder_version=&#8221;4.27.2&#8243; _module_preset=&#8221;default&#8221; global_colors_info=&#8221;{}&#8221;][et_pb_text _builder_version=&#8221;4.27.2&#8243; _module_preset=&#8221;default&#8221; header_2_font=&#8221;Montserrat|700|||||||&#8221; header_2_text_align=&#8221;center&#8221; header_2_font_size=&#8221;46px&#8221; global_colors_info=&#8221;{}&#8221;]<\/p>\n<h2>Duty Free Shop Iguaz\u00fa<\/h2>\n<p>[\/et_pb_text][\/et_pb_column][\/et_pb_row][et_pb_row column_structure=&#8221;1_2,1_2&#8243; _builder_version=&#8221;4.27.2&#8243; _module_preset=&#8221;default&#8221; global_colors_info=&#8221;{}&#8221;][et_pb_column type=&#8221;1_2&#8243; _builder_version=&#8221;4.27.2&#8243; _module_preset=&#8221;default&#8221; global_colors_info=&#8221;{}&#8221;][et_pb_text _builder_version=&#8221;4.27.2&#8243; _module_preset=&#8221;default&#8221; text_font=&#8221;Montserrat||||||||&#8221; text_text_color=&#8221;#FFFFFF&#8221; text_font_size=&#8221;16px&#8221; text_line_height=&#8221;1.6em&#8221; custom_margin=&#8221;||-5px|||&#8221; global_colors_info=&#8221;{}&#8221;]<\/p>\n<div class=\"Dp6CHc\">\n<div class=\"JMWMJ\">\n<div class=\"toI8Rb OSrXXb\" style=\"text-align: center;\">\n<div class=\"text-center\">\n<p style=\"text-align: justify;\"><span style=\"color: #474747;\">Situado cerca de la cabecera del puente que une Argentina con Brasil y rodeado de un magn\u00edfico ambiente de selva, Duty Free Shop Puerto Iguaz\u00fa es un claro testimonio de innovaci\u00f3n, creatividad y originalidad.<\/span><\/p>\n<p style=\"text-align: justify;\"><span style=\"color: #474747;\">Cuenta con una superficie de 10.000 m2 de locales comerciales organizados por rubros, donde se pueden encontrar primeras marcas internacionales de electr\u00f3nica, perfumes y cosm\u00e9tica, bebidas, indumentaria y comestibles. Adem\u00e1s, posee estacionamiento tanto cubierto como al aire libre, espacios de recreaci\u00f3n, bar y restaurante.<\/span><\/p>\n<p style=\"text-align: justify;\"><span style=\"color: #474747;\">As\u00ed, quien ingresa a la tienda experimenta un viaje m\u00e1gico gracias a las originales puestas en escena. Cada uno de sus locales reinterpreta los principales destinos tur\u00edsticos del Mundo: desde la elegante capital francesa, hasta la famosa ciudad de Venecia o Nueva York. Todas estas caracter\u00edsticas hacen del Duty Free Shop Puerto Iguaz\u00fa un paseo de compras in\u00e9dito en la regi\u00f3n que no puedes dejar de conocer.<\/span><\/p>\n<p style=\"text-align: justify;\"><span style=\"color: #474747;\">\u00a0<\/span><\/p>\n<\/div>\n<\/div>\n<\/div>\n<\/div>\n<p>[\/et_pb_text][\/et_pb_column][et_pb_column type=&#8221;1_2&#8243; _builder_version=&#8221;4.27.2&#8243; _module_preset=&#8221;default&#8221; global_colors_info=&#8221;{}&#8221;][et_pb_image src=&#8221;https:\/\/dutyfreeshoppuertoiguazu.com\/wp-content\/uploads\/2024\/11\/3c28901e-4ca1-45ca-986a-181403d5c135.jpg&#8221; title_text=&#8221;3c28901e-4ca1-45ca-986a-181403d5c135&#8243; _builder_version=&#8221;4.27.2&#8243; _module_preset=&#8221;default&#8221; custom_margin=&#8221;-8px|||||&#8221; border_radii=&#8221;on|42px|42px|42px|42px&#8221; global_colors_info=&#8221;{}&#8221;][\/et_pb_image][\/et_pb_column][\/et_pb_row][et_pb_row _builder_version=&#8221;4.27.2&#8243; _module_preset=&#8221;default&#8221; global_colors_info=&#8221;{}&#8221;][et_pb_column type=&#8221;4_4&#8243; _builder_version=&#8221;4.27.2&#8243; _module_preset=&#8221;default&#8221; global_colors_info=&#8221;{}&#8221;][et_pb_text _builder_version=&#8221;4.27.2&#8243; _module_preset=&#8221;default&#8221; header_2_font=&#8221;Montserrat|700|||||||&#8221; header_2_text_align=&#8221;center&#8221; header_2_font_size=&#8221;30px&#8221; custom_margin=&#8221;||-1px|||&#8221; custom_padding=&#8221;||11px|||&#8221; global_colors_info=&#8221;{}&#8221;]<\/p>\n<h2>\u00bfD\u00f3nde estamos?<\/h2>\n<p>[\/et_pb_text][et_pb_code _builder_version=&#8221;4.27.2&#8243; _module_preset=&#8221;default&#8221; border_radii=&#8221;on|34px|34px|34px|34px&#8221; global_colors_info=&#8221;{}&#8221;]<iframe src=\"https:\/\/www.google.com\/maps\/embed?pb=!1m18!1m12!1m3!1d3598.1660788942245!2d-54.5639391!3d-25.599396999999996!2m3!1f0!2f0!3f0!3m2!1i1024!2i768!4f13.1!3m3!1m2!1s0x94f693caee04f4ff%3A0x180f66f02e228828!2sDuty%20Free%20Shop%20Puerto%20Iguaz%C3%BA!5e0!3m2!1ses!2sar!4v1731019220580!5m2!1ses!2sar\" width=\"100%\" height=\"450\" style=\"border:0;\" allowfullscreen=\"\" loading=\"lazy\" referrerpolicy=\"no-referrer-when-downgrade\"><\/iframe>[\/et_pb_code][\/et_pb_column][\/et_pb_row][et_pb_row column_structure=&#8221;1_5,1_5,1_5,1_5,1_5&#8243; use_custom_gutter=&#8221;on&#8221; gutter_width=&#8221;1&#8243; make_equal=&#8221;on&#8221; disabled_on=&#8221;on|on|off&#8221; _builder_version=&#8221;4.27.2&#8243; _module_preset=&#8221;default&#8221; width=&#8221;1000%&#8221; max_width=&#8221;1260px&#8221; global_colors_info=&#8221;{}&#8221;][et_pb_column type=&#8221;1_5&#8243; _builder_version=&#8221;4.27.2&#8243; _module_preset=&#8221;default&#8221; global_colors_info=&#8221;{}&#8221;][et_pb_image src=&#8221;https:\/\/dutyfreeshoppuertoiguazu.com\/wp-content\/uploads\/2024\/11\/img_1703.jpg&#8221; title_text=&#8221;img_1703&#8243; _builder_version=&#8221;4.27.2&#8243; _module_preset=&#8221;default&#8221; border_radii=&#8221;off|16px|||16px&#8221; global_colors_info=&#8221;{}&#8221;][\/et_pb_image][\/et_pb_column][et_pb_column type=&#8221;1_5&#8243; _builder_version=&#8221;4.27.2&#8243; _module_preset=&#8221;default&#8221; global_colors_info=&#8221;{}&#8221;][et_pb_image src=&#8221;https:\/\/dutyfreeshoppuertoiguazu.com\/wp-content\/uploads\/2024\/11\/dfspi_vs_1.jpg&#8221; title_text=&#8221;dfspi_vs_1&#8243; _builder_version=&#8221;4.27.2&#8243; _module_preset=&#8221;default&#8221; global_colors_info=&#8221;{}&#8221;][\/et_pb_image][\/et_pb_column][et_pb_column type=&#8221;1_5&#8243; _builder_version=&#8221;4.27.2&#8243; _module_preset=&#8221;default&#8221; global_colors_info=&#8221;{}&#8221;][et_pb_image src=&#8221;https:\/\/dutyfreeshoppuertoiguazu.com\/wp-content\/uploads\/2024\/11\/img_1619.jpg&#8221; title_text=&#8221;img_1619&#8243; _builder_version=&#8221;4.27.2&#8243; _module_preset=&#8221;default&#8221; global_colors_info=&#8221;{}&#8221;][\/et_pb_image][\/et_pb_column][et_pb_column type=&#8221;1_5&#8243; _builder_version=&#8221;4.27.2&#8243; _module_preset=&#8221;default&#8221; global_colors_info=&#8221;{}&#8221;][et_pb_image src=&#8221;https:\/\/dutyfreeshoppuertoiguazu.com\/wp-content\/uploads\/2024\/11\/dfspi_perfumer_a_2.jpg&#8221; title_text=&#8221;dfspi_perfumer_a_2&#8243; _builder_version=&#8221;4.27.2&#8243; _module_preset=&#8221;default&#8221; global_colors_info=&#8221;{}&#8221;][\/et_pb_image][\/et_pb_column][et_pb_column type=&#8221;1_5&#8243; _builder_version=&#8221;4.27.2&#8243; _module_preset=&#8221;default&#8221; global_colors_info=&#8221;{}&#8221;][et_pb_image src=&#8221;https:\/\/dutyfreeshoppuertoiguazu.com\/wp-content\/uploads\/2024\/11\/img_1726.jpg&#8221; title_text=&#8221;img_1726&#8243; _builder_version=&#8221;4.27.2&#8243; _module_preset=&#8221;default&#8221; border_radii=&#8221;off||16px|16px|&#8221; global_colors_info=&#8221;{}&#8221;][\/et_pb_image][\/et_pb_column][\/et_pb_row][\/et_pb_section][et_pb_section fb_built=&#8221;1&#8243; _builder_version=&#8221;4.27.2&#8243; _module_preset=&#8221;default&#8221; custom_padding=&#8221;0px||0px|||&#8221; global_colors_info=&#8221;{}&#8221;][et_pb_row _builder_version=&#8221;4.21.0&#8243; _module_preset=&#8221;default&#8221; global_colors_info=&#8221;{}&#8221;][et_pb_column type=&#8221;4_4&#8243; _builder_version=&#8221;4.21.0&#8243; _module_preset=&#8221;default&#8221; global_colors_info=&#8221;{}&#8221;][et_pb_text _builder_version=&#8221;4.27.2&#8243; _module_preset=&#8221;default&#8221; header_2_font=&#8221;Montserrat|700|||||||&#8221; header_2_text_align=&#8221;center&#8221; header_2_font_size=&#8221;30px&#8221; custom_margin=&#8221;||-1px|||&#8221; custom_padding=&#8221;||11px|||&#8221; global_colors_info=&#8221;{}&#8221;]<\/p>\n<h2>Conoce nuestras marcas<\/h2>\n<p>[\/et_pb_text][et_pb_text _builder_version=&#8221;4.27.2&#8243; _module_preset=&#8221;default&#8221; text_font=&#8221;Montserrat||||||||&#8221; text_text_color=&#8221;#FFFFFF&#8221; text_font_size=&#8221;16px&#8221; custom_margin=&#8221;||-5px|||&#8221; global_colors_info=&#8221;{}&#8221;]<\/p>\n<div class=\"Dp6CHc\">\n<div class=\"JMWMJ\">\n<div class=\"toI8Rb OSrXXb\" style=\"text-align: center;\">\n<div class=\"text-center\">\n<p><span style=\"color: #333333;\">Las marcas m\u00e1s exclusivas en vinos, lentes, fragancias y relojes, a tu alcance<\/span><\/p>\n<\/div>\n<\/div>\n<\/div>\n<\/div>\n<p>[\/et_pb_text][ba_logo_carousel slide_count=&#8221;4&#8243; nav_height=&#8221;48px&#8221; nav_width=&#8221;48px&#8221; nav_color=&#8221;#e8d331&#8243; nav_bg=&#8221;RGBA(255,255,255,0)&#8221; icon_left=&#8221;&#xf104;||fa||900&#8243; icon_right=&#8221;&#xf105;||fa||900&#8243; _builder_version=&#8221;4.27.2&#8243; _module_preset=&#8221;default&#8221; global_colors_info=&#8221;{}&#8221;][ba_logo_carousel_child logo=&#8221;https:\/\/dutyfreeshoppuertoiguazu.com\/wp-content\/uploads\/2024\/10\/3.png&#8221; _builder_version=&#8221;4.27.2&#8243; global_colors_info=&#8221;{}&#8221;][\/ba_logo_carousel_child][ba_logo_carousel_child logo=&#8221;https:\/\/dutyfreeshoppuertoiguazu.com\/wp-content\/uploads\/2024\/10\/2.png&#8221; _builder_version=&#8221;4.27.2&#8243; global_colors_info=&#8221;{}&#8221;][\/ba_logo_carousel_child][ba_logo_carousel_child logo=&#8221;https:\/\/dutyfreeshoppuertoiguazu.com\/wp-content\/uploads\/2024\/10\/1.png&#8221; _builder_version=&#8221;4.27.2&#8243; global_colors_info=&#8221;{}&#8221;][\/ba_logo_carousel_child][ba_logo_carousel_child logo=&#8221;https:\/\/dutyfreeshoppuertoiguazu.com\/wp-content\/uploads\/2024\/10\/10.png&#8221; _builder_version=&#8221;4.27.2&#8243; global_colors_info=&#8221;{}&#8221;][\/ba_logo_carousel_child][ba_logo_carousel_child logo=&#8221;https:\/\/dutyfreeshoppuertoiguazu.com\/wp-content\/uploads\/2024\/10\/11.png&#8221; _builder_version=&#8221;4.27.2&#8243; global_colors_info=&#8221;{}&#8221;][\/ba_logo_carousel_child][ba_logo_carousel_child logo=&#8221;https:\/\/dutyfreeshoppuertoiguazu.com\/wp-content\/uploads\/2024\/10\/9.png&#8221; _builder_version=&#8221;4.27.2&#8243; global_colors_info=&#8221;{}&#8221;][\/ba_logo_carousel_child][ba_logo_carousel_child logo=&#8221;https:\/\/dutyfreeshoppuertoiguazu.com\/wp-content\/uploads\/2024\/10\/8.png&#8221; _builder_version=&#8221;4.27.2&#8243; global_colors_info=&#8221;{}&#8221;][\/ba_logo_carousel_child][ba_logo_carousel_child logo=&#8221;https:\/\/dutyfreeshoppuertoiguazu.com\/wp-content\/uploads\/2024\/10\/7.png&#8221; _builder_version=&#8221;4.27.2&#8243; global_colors_info=&#8221;{}&#8221;][\/ba_logo_carousel_child][ba_logo_carousel_child logo=&#8221;https:\/\/dutyfreeshoppuertoiguazu.com\/wp-content\/uploads\/2024\/10\/5.png&#8221; _builder_version=&#8221;4.27.2&#8243; global_colors_info=&#8221;{}&#8221;][\/ba_logo_carousel_child][ba_logo_carousel_child logo=&#8221;https:\/\/dutyfreeshoppuertoiguazu.com\/wp-content\/uploads\/2024\/10\/4.png&#8221; _builder_version=&#8221;4.27.2&#8243; global_colors_info=&#8221;{}&#8221;][\/ba_logo_carousel_child][\/ba_logo_carousel][\/et_pb_column][\/et_pb_row][\/et_pb_section]<\/p>\n","protected":false},"excerpt":{"rendered":"<p>Duty Free Shop Iguaz\u00fa Situado cerca de la cabecera del puente que une Argentina con Brasil y rodeado de un magn\u00edfico ambiente de selva, Duty Free Shop Puerto Iguaz\u00fa es un claro testimonio de innovaci\u00f3n, creatividad y originalidad. Cuenta con una superficie de 10.000 m2 de locales comerciales organizados por rubros, donde se pueden encontrar [&hellip;]<\/p>\n","protected":false},"author":4,"featured_media":0,"parent":0,"menu_order":0,"comment_status":"closed","ping_status":"closed","template":"","meta":{"_et_pb_use_builder":"on","_et_pb_old_content":"","_et_gb_content_width":"","footnotes":""},"class_list":["post-537","page","type-page","status-publish","hentry"],"_links":{"self":[{"href":"https:\/\/dutyfreeshoppuertoiguazu.com\/pt\/wp-json\/wp\/v2\/pages\/537","targetHints":{"allow":["GET"]}}],"collection":[{"href":"https:\/\/dutyfreeshoppuertoiguazu.com\/pt\/wp-json\/wp\/v2\/pages"}],"about":[{"href":"https:\/\/dutyfreeshoppuertoiguazu.com\/pt\/wp-json\/wp\/v2\/types\/page"}],"author":[{"embeddable":true,"href":"https:\/\/dutyfreeshoppuertoiguazu.com\/pt\/wp-json\/wp\/v2\/users\/4"}],"replies":[{"embeddable":true,"href":"https:\/\/dutyfreeshoppuertoiguazu.com\/pt\/wp-json\/wp\/v2\/comments?post=537"}],"version-history":[{"count":7,"href":"https:\/\/dutyfreeshoppuertoiguazu.com\/pt\/wp-json\/wp\/v2\/pages\/537\/revisions"}],"predecessor-version":[{"id":1046,"href":"https:\/\/dutyfreeshoppuertoiguazu.com\/pt\/wp-json\/wp\/v2\/pages\/537\/revisions\/1046"}],"wp:attachment":[{"href":"https:\/\/dutyfreeshoppuertoiguazu.com\/pt\/wp-json\/wp\/v2\/media?parent=537"}],"curies":[{"name":"wp","href":"https:\/\/api.w.org\/{rel}","templated":true}]}}